{"id":20137,"date":"2021-03-25T11:06:51","date_gmt":"2021-03-25T11:06:51","guid":{"rendered":"https:\/\/itdm-group.com\/bienvenue-sur-notre-plaquette-francais\/"},"modified":"2024-07-15T07:02:48","modified_gmt":"2024-07-15T07:02:48","slug":"bienvenue-sur-notre-plaquette-francais","status":"publish","type":"page","link":"https:\/\/itdm-group.com\/en\/bienvenue-sur-notre-plaquette-francais\/","title":{"rendered":"Bienvenue sur notre plaquette"},"content":{"rendered":"\t\t<div data-elementor-type=\"wp-page\" data-elementor-id=\"20137\" class=\"elementor elementor-20137 elementor-2437\" data-elementor-post-type=\"page\">\n\t\t\t\t\t\t<section class=\"elementor-section elementor-top-section elementor-element elementor-element-1e9b91f elementor-section-height-min-height elementor-section-stretched elementor-section-boxed elementor-section-height-default elementor-section-items-middle\" data-id=\"1e9b91f\" data-element_type=\"section\" data-settings=\"{&quot;stretch_section&quot;:&quot;section-stretched&quot;}\">\n\t\t\t\t\t\t<div class=\"elementor-container elementor-column-gap-default\">\n\t\t\t\t\t<div class=\"elementor-column elementor-col-100 elementor-top-column elementor-element elementor-element-254c99e\" data-id=\"254c99e\" data-element_type=\"column\">\n\t\t\t<div class=\"elementor-widget-wrap elementor-element-populated\">\n\t\t\t\t\t\t<div class=\"elementor-element elementor-element-e8e5ffa elementor-widget elementor-widget-text-editor\" data-id=\"e8e5ffa\" data-element_type=\"widget\" data-widget_type=\"text-editor.default\">\n\t\t\t\t<div class=\"elementor-widget-container\">\n\t\t\t<style>\/*! elementor - v3.19.0 - 07-02-2024 *\/\n.elementor-widget-text-editor.elementor-drop-cap-view-stacked .elementor-drop-cap{background-color:#69727d;color:#fff}.elementor-widget-text-editor.elementor-drop-cap-view-framed .elementor-drop-cap{color:#69727d;border:3px solid;background-color:transparent}.elementor-widget-text-editor:not(.elementor-drop-cap-view-default) .elementor-drop-cap{margin-top:8px}.elementor-widget-text-editor:not(.elementor-drop-cap-view-default) .elementor-drop-cap-letter{width:1em;height:1em}.elementor-widget-text-editor .elementor-drop-cap{float:left;text-align:center;line-height:1;font-size:50px}.elementor-widget-text-editor .elementor-drop-cap-letter{display:inline-block}<\/style>\t\t\t\t<iframe width=\"540\" height=\"605\" src=\"https:\/\/60b8f48b.sibforms.com\/serve\/MUIEAGvbMI5uit1hC8z9bYszk5D5bBBDN-40IYzL4NEFcWn9-ff8DMCPjclT5BxIsd053VOoedDqXGyKrJu08BrMmFMgATHKxEs3Er0-nimLnNVcJJD81YyyQZMEc-iCxH5bewe2UKaxElBpMtpkLGVS08cCOLn2lIcQTgSfFyftBf8guBrloWHg96wj3hLMDVBCL0nF2GZ1pKCZ\" frameborder=\"0\" scrolling=\"auto\" allowfullscreen style=\"display: block;margin-left: auto;margin-right: auto;max-width: 100%;\"><\/iframe>\t\t\t\t\t\t<\/div>\n\t\t\t\t<\/div>\n\t\t\t\t\t<\/div>\n\t\t<\/div>\n\t\t\t\t\t<\/div>\n\t\t<\/section>\n\t\t\t\t<\/div>\n\t\t","protected":false},"excerpt":{"rendered":"","protected":false},"author":1,"featured_media":0,"parent":0,"menu_order":0,"comment_status":"closed","ping_status":"closed","template":"","meta":{"om_disable_all_campaigns":false,"_exactmetrics_skip_tracking":false,"_exactmetrics_sitenote_active":false,"_exactmetrics_sitenote_note":"","_exactmetrics_sitenote_category":0,"footnotes":""},"yoast_head":"<!-- This site is optimized with the Yoast SEO plugin v22.1 - https:\/\/yoast.com\/wordpress\/plugins\/seo\/ -->\n<title>Bienvenue sur notre plaquette - ITDM GROUP<\/title>\n<meta name=\"description\" content=\"ITDM GROUP c&#039;est votre partenaire digital pour booster vos services. Obtenez des leads qualifi\u00e9s gr\u00e2ce \u00e0 notre expertise.\" \/>\n<meta name=\"robots\" content=\"index, follow, max-snippet:-1, max-image-preview:large, max-video-preview:-1\" \/>\n<link rel=\"canonical\" href=\"https:\/\/itdm-group.com\/en\/bienvenue-sur-notre-plaquette-francais\/\" \/>\n<meta property=\"og:locale\" content=\"en_US\" \/>\n<meta property=\"og:type\" content=\"article\" \/>\n<meta property=\"og:title\" content=\"Bienvenue sur notre plaquette - ITDM GROUP\" \/>\n<meta property=\"og:description\" content=\"ITDM GROUP c&#039;est votre partenaire digital pour booster vos services. Obtenez des leads qualifi\u00e9s gr\u00e2ce \u00e0 notre expertise.\" \/>\n<meta property=\"og:url\" content=\"https:\/\/itdm-group.com\/en\/bienvenue-sur-notre-plaquette-francais\/\" \/>\n<meta property=\"og:site_name\" content=\"ITDM GROUP\" \/>\n<meta property=\"article:publisher\" content=\"https:\/\/www.facebook.com\/IntelligentTDM\" \/>\n<meta property=\"article:modified_time\" content=\"2024-07-15T07:02:48+00:00\" \/>\n<meta property=\"og:image\" content=\"https:\/\/itdm-group.com\/wp-content\/uploads\/2023\/12\/logo-noir1.png\" \/>\n\t<meta property=\"og:image:width\" content=\"2500\" \/>\n\t<meta property=\"og:image:height\" content=\"2500\" \/>\n\t<meta property=\"og:image:type\" content=\"image\/png\" \/>\n<meta name=\"twitter:card\" content=\"summary_large_image\" \/>\n<script type=\"application\/ld+json\" class=\"yoast-schema-graph\">{\"@context\":\"https:\/\/schema.org\",\"@graph\":[{\"@type\":\"WebPage\",\"@id\":\"https:\/\/itdm-group.com\/en\/bienvenue-sur-notre-plaquette-francais\/\",\"url\":\"https:\/\/itdm-group.com\/en\/bienvenue-sur-notre-plaquette-francais\/\",\"name\":\"Bienvenue sur notre plaquette - ITDM GROUP\",\"isPartOf\":{\"@id\":\"https:\/\/itdm-group.com\/#website\"},\"datePublished\":\"2021-03-25T11:06:51+00:00\",\"dateModified\":\"2024-07-15T07:02:48+00:00\",\"description\":\"ITDM GROUP c'est votre partenaire digital pour booster vos services. Obtenez des leads qualifi\u00e9s gr\u00e2ce \u00e0 notre expertise.\",\"breadcrumb\":{\"@id\":\"https:\/\/itdm-group.com\/en\/bienvenue-sur-notre-plaquette-francais\/#breadcrumb\"},\"inLanguage\":\"en-US\",\"potentialAction\":[{\"@type\":\"ReadAction\",\"target\":[\"https:\/\/itdm-group.com\/en\/bienvenue-sur-notre-plaquette-francais\/\"]}]},{\"@type\":\"BreadcrumbList\",\"@id\":\"https:\/\/itdm-group.com\/en\/bienvenue-sur-notre-plaquette-francais\/#breadcrumb\",\"itemListElement\":[{\"@type\":\"ListItem\",\"position\":1,\"name\":\"Accueil\",\"item\":\"https:\/\/itdm-group.com\/\"},{\"@type\":\"ListItem\",\"position\":2,\"name\":\"Bienvenue sur notre plaquette\"}]},{\"@type\":\"WebSite\",\"@id\":\"https:\/\/itdm-group.com\/#website\",\"url\":\"https:\/\/itdm-group.com\/\",\"name\":\"ITDM Group\",\"description\":\"\",\"publisher\":{\"@id\":\"https:\/\/itdm-group.com\/#organization\"},\"potentialAction\":[{\"@type\":\"SearchAction\",\"target\":{\"@type\":\"EntryPoint\",\"urlTemplate\":\"https:\/\/itdm-group.com\/?s={search_term_string}\"},\"query-input\":\"required name=search_term_string\"}],\"inLanguage\":\"en-US\"},{\"@type\":\"Organization\",\"@id\":\"https:\/\/itdm-group.com\/#organization\",\"name\":\"ITDM Group\",\"url\":\"https:\/\/itdm-group.com\/\",\"logo\":{\"@type\":\"ImageObject\",\"inLanguage\":\"en-US\",\"@id\":\"https:\/\/itdm-group.com\/#\/schema\/logo\/image\/\",\"url\":\"https:\/\/itdm-group.com\/wp-content\/uploads\/2023\/12\/logo-noir1.png\",\"contentUrl\":\"https:\/\/itdm-group.com\/wp-content\/uploads\/2023\/12\/logo-noir1.png\",\"width\":2500,\"height\":2500,\"caption\":\"ITDM Group\"},\"image\":{\"@id\":\"https:\/\/itdm-group.com\/#\/schema\/logo\/image\/\"},\"sameAs\":[\"https:\/\/www.facebook.com\/IntelligentTDM\",\"https:\/\/www.linkedin.com\/company\/itdm-france\/mycompany\/verification\/?viewAsMember=true\",\"https:\/\/www.instagram.com\/itdm.group\/\"]}]}<\/script>\n<!-- \/ Yoast SEO plugin. -->","yoast_head_json":{"title":"Bienvenue sur notre plaquette - ITDM GROUP","description":"ITDM GROUP c'est votre partenaire digital pour booster vos services. Obtenez des leads qualifi\u00e9s gr\u00e2ce \u00e0 notre expertise.","robots":{"index":"index","follow":"follow","max-snippet":"max-snippet:-1","max-image-preview":"max-image-preview:large","max-video-preview":"max-video-preview:-1"},"canonical":"https:\/\/itdm-group.com\/en\/bienvenue-sur-notre-plaquette-francais\/","og_locale":"en_US","og_type":"article","og_title":"Bienvenue sur notre plaquette - ITDM GROUP","og_description":"ITDM GROUP c'est votre partenaire digital pour booster vos services. Obtenez des leads qualifi\u00e9s gr\u00e2ce \u00e0 notre expertise.","og_url":"https:\/\/itdm-group.com\/en\/bienvenue-sur-notre-plaquette-francais\/","og_site_name":"ITDM GROUP","article_publisher":"https:\/\/www.facebook.com\/IntelligentTDM","article_modified_time":"2024-07-15T07:02:48+00:00","og_image":[{"width":2500,"height":2500,"url":"https:\/\/itdm-group.com\/wp-content\/uploads\/2023\/12\/logo-noir1.png","type":"image\/png"}],"twitter_card":"summary_large_image","schema":{"@context":"https:\/\/schema.org","@graph":[{"@type":"WebPage","@id":"https:\/\/itdm-group.com\/en\/bienvenue-sur-notre-plaquette-francais\/","url":"https:\/\/itdm-group.com\/en\/bienvenue-sur-notre-plaquette-francais\/","name":"Bienvenue sur notre plaquette - ITDM GROUP","isPartOf":{"@id":"https:\/\/itdm-group.com\/#website"},"datePublished":"2021-03-25T11:06:51+00:00","dateModified":"2024-07-15T07:02:48+00:00","description":"ITDM GROUP c'est votre partenaire digital pour booster vos services. Obtenez des leads qualifi\u00e9s gr\u00e2ce \u00e0 notre expertise.","breadcrumb":{"@id":"https:\/\/itdm-group.com\/en\/bienvenue-sur-notre-plaquette-francais\/#breadcrumb"},"inLanguage":"en-US","potentialAction":[{"@type":"ReadAction","target":["https:\/\/itdm-group.com\/en\/bienvenue-sur-notre-plaquette-francais\/"]}]},{"@type":"BreadcrumbList","@id":"https:\/\/itdm-group.com\/en\/bienvenue-sur-notre-plaquette-francais\/#breadcrumb","itemListElement":[{"@type":"ListItem","position":1,"name":"Accueil","item":"https:\/\/itdm-group.com\/"},{"@type":"ListItem","position":2,"name":"Bienvenue sur notre plaquette"}]},{"@type":"WebSite","@id":"https:\/\/itdm-group.com\/#website","url":"https:\/\/itdm-group.com\/","name":"ITDM Group","description":"","publisher":{"@id":"https:\/\/itdm-group.com\/#organization"},"potentialAction":[{"@type":"SearchAction","target":{"@type":"EntryPoint","urlTemplate":"https:\/\/itdm-group.com\/?s={search_term_string}"},"query-input":"required name=search_term_string"}],"inLanguage":"en-US"},{"@type":"Organization","@id":"https:\/\/itdm-group.com\/#organization","name":"ITDM Group","url":"https:\/\/itdm-group.com\/","logo":{"@type":"ImageObject","inLanguage":"en-US","@id":"https:\/\/itdm-group.com\/#\/schema\/logo\/image\/","url":"https:\/\/itdm-group.com\/wp-content\/uploads\/2023\/12\/logo-noir1.png","contentUrl":"https:\/\/itdm-group.com\/wp-content\/uploads\/2023\/12\/logo-noir1.png","width":2500,"height":2500,"caption":"ITDM Group"},"image":{"@id":"https:\/\/itdm-group.com\/#\/schema\/logo\/image\/"},"sameAs":["https:\/\/www.facebook.com\/IntelligentTDM","https:\/\/www.linkedin.com\/company\/itdm-france\/mycompany\/verification\/?viewAsMember=true","https:\/\/www.instagram.com\/itdm.group\/"]}]}},"_links":{"self":[{"href":"https:\/\/itdm-group.com\/en\/wp-json\/wp\/v2\/pages\/20137"}],"collection":[{"href":"https:\/\/itdm-group.com\/en\/wp-json\/wp\/v2\/pages"}],"about":[{"href":"https:\/\/itdm-group.com\/en\/wp-json\/wp\/v2\/types\/page"}],"author":[{"embeddable":true,"href":"https:\/\/itdm-group.com\/en\/wp-json\/wp\/v2\/users\/1"}],"replies":[{"embeddable":true,"href":"https:\/\/itdm-group.com\/en\/wp-json\/wp\/v2\/comments?post=20137"}],"version-history":[{"count":1,"href":"https:\/\/itdm-group.com\/en\/wp-json\/wp\/v2\/pages\/20137\/revisions"}],"predecessor-version":[{"id":20138,"href":"https:\/\/itdm-group.com\/en\/wp-json\/wp\/v2\/pages\/20137\/revisions\/20138"}],"wp:attachment":[{"href":"https:\/\/itdm-group.com\/en\/wp-json\/wp\/v2\/media?parent=20137"}],"curies":[{"name":"wp","href":"https:\/\/api.w.org\/{rel}","templated":true}]}}