{"id":13088,"date":"2023-10-16T07:53:08","date_gmt":"2023-10-16T07:53:08","guid":{"rendered":"https:\/\/itdm2023.dev-local.com\/notre-histoire\/"},"modified":"2024-01-16T16:11:03","modified_gmt":"2024-01-16T16:11:03","slug":"notre-histoire-old","status":"publish","type":"page","link":"https:\/\/itdm-group.com\/en\/notre-histoire-old\/","title":{"rendered":"Notre histoire-old"},"content":{"rendered":"\t\t<div data-elementor-type=\"wp-page\" data-elementor-id=\"13088\" class=\"elementor elementor-13088\" data-elementor-post-type=\"page\">\n\t\t\t\t\t\t<section class=\"elementor-section elementor-top-section elementor-element elementor-element-38cd03b6 elementor-section-full_width elementor-section-height-min-height elementor-section-height-default elementor-section-items-middle\" data-id=\"38cd03b6\" data-element_type=\"section\" data-settings=\"{&quot;background_background&quot;:&quot;classic&quot;}\">\n\t\t\t\t\t\t\t<div class=\"elementor-background-overlay\"><\/div>\n\t\t\t\t\t\t\t<div class=\"elementor-container elementor-column-gap-no\">\n\t\t\t\t\t<div class=\"elementor-column elementor-col-100 elementor-top-column elementor-element elementor-element-6a2e3bb0\" data-id=\"6a2e3bb0\" data-element_type=\"column\">\n\t\t\t<div class=\"elementor-widget-wrap\">\n\t\t\t\t\t\t\t<\/div>\n\t\t<\/div>\n\t\t\t\t\t<\/div>\n\t\t<\/section>\n\t\t<div class=\"elementor-element elementor-element-63ba9ecc e-con-full e-flex e-con e-parent\" data-id=\"63ba9ecc\" data-element_type=\"container\" data-settings=\"{&quot;content_width&quot;:&quot;full&quot;}\" data-core-v316-plus=\"true\">\n\t\t<div class=\"elementor-element elementor-element-30a7ac7 e-flex e-con-boxed e-con e-child\" data-id=\"30a7ac7\" data-element_type=\"container\" data-settings=\"{&quot;content_width&quot;:&quot;boxed&quot;}\">\n\t\t\t\t\t<div class=\"e-con-inner\">\n\t\t\t\t<div class=\"elementor-element elementor-element-201cf6a elementor-invisible elementor-widget elementor-widget-text-editor\" data-id=\"201cf6a\" data-element_type=\"widget\" data-settings=\"{&quot;_animation&quot;:&quot;fadeInLeft&quot;}\" data-widget_type=\"text-editor.default\">\n\t\t\t\t<div class=\"elementor-widget-container\">\n\t\t\t<style>\/*! elementor - v3.19.0 - 07-02-2024 *\/\n.elementor-widget-text-editor.elementor-drop-cap-view-stacked .elementor-drop-cap{background-color:#69727d;color:#fff}.elementor-widget-text-editor.elementor-drop-cap-view-framed .elementor-drop-cap{color:#69727d;border:3px solid;background-color:transparent}.elementor-widget-text-editor:not(.elementor-drop-cap-view-default) .elementor-drop-cap{margin-top:8px}.elementor-widget-text-editor:not(.elementor-drop-cap-view-default) .elementor-drop-cap-letter{width:1em;height:1em}.elementor-widget-text-editor .elementor-drop-cap{float:left;text-align:center;line-height:1;font-size:50px}.elementor-widget-text-editor .elementor-drop-cap-letter{display:inline-block}<\/style>\t\t\t\t<p>Si nous devions vous raconter toute l\u2019histoire dans les d\u00e9tails, il nous faudrait un site complet. En r\u00e9sum\u00e9, ITDM est perp\u00e9tuellement \u00e0 la recherche de nouveaux challenges.<\/p>\t\t\t\t\t\t<\/div>\n\t\t\t\t<\/div>\n\t\t\t\t<div class=\"elementor-element elementor-element-6d3c27e elementor-invisible elementor-widget elementor-widget-text-editor\" data-id=\"6d3c27e\" data-element_type=\"widget\" data-settings=\"{&quot;_animation&quot;:&quot;fadeInRight&quot;}\" data-widget_type=\"text-editor.default\">\n\t\t\t\t<div class=\"elementor-widget-container\">\n\t\t\t\t\t\t\t<p>Notre passion et notre envie de se d\u00e9velopper r\u00e9sume tr\u00e8s bien notre histoire. Vous allez d\u00e9couvrir tous les pays o\u00f9 nous sommes pr\u00e9sents et la raison pour laquelle nous les avons choisis !<\/p>\t\t\t\t\t\t<\/div>\n\t\t\t\t<\/div>\n\t\t\t\t\t<\/div>\n\t\t\t\t<\/div>\n\t\t\t\t<div class=\"elementor-element elementor-element-3d86923 elementor-invisible elementor-widget elementor-widget-leroux_core_vertical_timeline\" data-id=\"3d86923\" data-element_type=\"widget\" data-settings=\"{&quot;_animation&quot;:&quot;slideInUp&quot;,&quot;_animation_delay&quot;:1000}\" data-widget_type=\"leroux_core_vertical_timeline.default\">\n\t\t\t\t<div class=\"elementor-widget-container\">\n\t\t\t<div class=\"qodef-shortcode qodef-m timeline-wrapper qodef-vertical-timeline qodef-layout--standard\">\n\t<div class=\"qodef-m-inner\">\n\t\t\t\t\t\t<div class=\"qodef-m-timeline-item\">\n\t\t\t\t\t<div class=\"qodef-m-left\">\n\t\t\t\t\t\t<h6 class=\"qodef-m-left-title\">\n\t\t\t\t\t\t\t\t\t\t\t\t\t<\/h6>\n\t\t\t\t\t\t<p class=\"qodef-m-left-subtitle\">\n\t\t\t\t\t\t\t\t\t\t\t\t\t<\/p>\n\t\t\t\t\t<\/div>\n\t\t\t\t\t<div class=\"qodef-m-center\">\n\t\t\t\t\t\t<span class=\"qodef-m-dot\"><\/span>\n\t\t\t\t\t\t<span class=\"qodef-m-line\"><\/span>\n\t\t\t\t\t<\/div>\n\t\t\t\t\t<div class=\"qodef-m-right\">\n\t\t\t\t\t\t<h4 class=\"qodef-m-right-title\">\n\t\t\t\t\t\t\t2012\t\t\t\t\t\t<\/h4>\n\t\t\t\t\t\t<p class=\"qodef-m-right-text\">\n\t\t\t\t\t\t\tNaissance du premier bureau ITDM en Belgique, berceau natal de notre CEO\t\t\t\t\t\t<\/p>\n\t\t\t\t\t<\/div>\n\t\t\t\t<\/div>\n\t\t\t\t\t\t\t<div class=\"qodef-m-timeline-item\">\n\t\t\t\t\t<div class=\"qodef-m-left\">\n\t\t\t\t\t\t<h6 class=\"qodef-m-left-title\">\n\t\t\t\t\t\t\t\t\t\t\t\t\t<\/h6>\n\t\t\t\t\t\t<p class=\"qodef-m-left-subtitle\">\n\t\t\t\t\t\t\t\t\t\t\t\t\t<\/p>\n\t\t\t\t\t<\/div>\n\t\t\t\t\t<div class=\"qodef-m-center\">\n\t\t\t\t\t\t<span class=\"qodef-m-dot\"><\/span>\n\t\t\t\t\t\t<span class=\"qodef-m-line\"><\/span>\n\t\t\t\t\t<\/div>\n\t\t\t\t\t<div class=\"qodef-m-right\">\n\t\t\t\t\t\t<h4 class=\"qodef-m-right-title\">\n\t\t\t\t\t\t\t2015\t\t\t\t\t\t<\/h4>\n\t\t\t\t\t\t<p class=\"qodef-m-right-text\">\n\t\t\t\t\t\t\tImplantation au Portugal, appel\u00e9 la \"Silicon Valley europ\u00e9enne\" o\u00f9 une partie de nos d\u00e9veloppeurs sont pr\u00e9sents\t\t\t\t\t\t<\/p>\n\t\t\t\t\t<\/div>\n\t\t\t\t<\/div>\n\t\t\t\t\t\t\t<div class=\"qodef-m-timeline-item\">\n\t\t\t\t\t<div class=\"qodef-m-left\">\n\t\t\t\t\t\t<h6 class=\"qodef-m-left-title\">\n\t\t\t\t\t\t\t\t\t\t\t\t\t<\/h6>\n\t\t\t\t\t\t<p class=\"qodef-m-left-subtitle\">\n\t\t\t\t\t\t\t\t\t\t\t\t\t<\/p>\n\t\t\t\t\t<\/div>\n\t\t\t\t\t<div class=\"qodef-m-center\">\n\t\t\t\t\t\t<span class=\"qodef-m-dot\"><\/span>\n\t\t\t\t\t\t<span class=\"qodef-m-line\"><\/span>\n\t\t\t\t\t<\/div>\n\t\t\t\t\t<div class=\"qodef-m-right\">\n\t\t\t\t\t\t<h4 class=\"qodef-m-right-title\">\n\t\t\t\t\t\t\t2017\t\t\t\t\t\t<\/h4>\n\t\t\t\t\t\t<p class=\"qodef-m-right-text\">\n\t\t\t\t\t\t\tCr\u00e9ation d'un bureau \u00e0 Montr\u00e9al et Quebec au Canada pour saisir l'opportunit\u00e9 d'un d\u00e9veloppement dans l'IA et l'industrie 4.0\t\t\t\t\t\t<\/p>\n\t\t\t\t\t<\/div>\n\t\t\t\t<\/div>\n\t\t\t\t\t\t\t<div class=\"qodef-m-timeline-item\">\n\t\t\t\t\t<div class=\"qodef-m-left\">\n\t\t\t\t\t\t<h6 class=\"qodef-m-left-title\">\n\t\t\t\t\t\t\t\t\t\t\t\t\t<\/h6>\n\t\t\t\t\t\t<p class=\"qodef-m-left-subtitle\">\n\t\t\t\t\t\t\t\t\t\t\t\t\t<\/p>\n\t\t\t\t\t<\/div>\n\t\t\t\t\t<div class=\"qodef-m-center\">\n\t\t\t\t\t\t<span class=\"qodef-m-dot\"><\/span>\n\t\t\t\t\t\t<span class=\"qodef-m-line\"><\/span>\n\t\t\t\t\t<\/div>\n\t\t\t\t\t<div class=\"qodef-m-right\">\n\t\t\t\t\t\t<h4 class=\"qodef-m-right-title\">\n\t\t\t\t\t\t\t2019\t\t\t\t\t\t<\/h4>\n\t\t\t\t\t\t<p class=\"qodef-m-right-text\">\n\t\t\t\t\t\t\tConstitution d'ITDM Alsace pour \u00eatre pr\u00e9sent sur les 3 fronti\u00e8res (Allemagne, Suisse, France)\t\t\t\t\t\t<\/p>\n\t\t\t\t\t<\/div>\n\t\t\t\t<\/div>\n\t\t\t\t\t\t\t<div class=\"qodef-m-timeline-item\">\n\t\t\t\t\t<div class=\"qodef-m-left\">\n\t\t\t\t\t\t<h6 class=\"qodef-m-left-title\">\n\t\t\t\t\t\t\t\t\t\t\t\t\t<\/h6>\n\t\t\t\t\t\t<p class=\"qodef-m-left-subtitle\">\n\t\t\t\t\t\t\t\t\t\t\t\t\t<\/p>\n\t\t\t\t\t<\/div>\n\t\t\t\t\t<div class=\"qodef-m-center\">\n\t\t\t\t\t\t<span class=\"qodef-m-dot\"><\/span>\n\t\t\t\t\t\t<span class=\"qodef-m-line\"><\/span>\n\t\t\t\t\t<\/div>\n\t\t\t\t\t<div class=\"qodef-m-right\">\n\t\t\t\t\t\t<h4 class=\"qodef-m-right-title\">\n\t\t\t\t\t\t\t2020\t\t\t\t\t\t<\/h4>\n\t\t\t\t\t\t<p class=\"qodef-m-right-text\">\n\t\t\t\t\t\t\tCr\u00e9ation d'un bureau de R&amp;D au sein du KM0 \u00e0 Mulhouse.\t\t\t\t\t\t<\/p>\n\t\t\t\t\t<\/div>\n\t\t\t\t<\/div>\n\t\t\t\t\t\t\t<div class=\"qodef-m-timeline-item\">\n\t\t\t\t\t<div class=\"qodef-m-left\">\n\t\t\t\t\t\t<h6 class=\"qodef-m-left-title\">\n\t\t\t\t\t\t\t\t\t\t\t\t\t<\/h6>\n\t\t\t\t\t\t<p class=\"qodef-m-left-subtitle\">\n\t\t\t\t\t\t\t\t\t\t\t\t\t<\/p>\n\t\t\t\t\t<\/div>\n\t\t\t\t\t<div class=\"qodef-m-center\">\n\t\t\t\t\t\t<span class=\"qodef-m-dot\"><\/span>\n\t\t\t\t\t\t<span class=\"qodef-m-line\"><\/span>\n\t\t\t\t\t<\/div>\n\t\t\t\t\t<div class=\"qodef-m-right\">\n\t\t\t\t\t\t<h4 class=\"qodef-m-right-title\">\n\t\t\t\t\t\t\t2021\t\t\t\t\t\t<\/h4>\n\t\t\t\t\t\t<p class=\"qodef-m-right-text\">\n\t\t\t\t\t\t\tD\u00e9veloppement du bureau de Madagascar\t\t\t\t\t\t<\/p>\n\t\t\t\t\t<\/div>\n\t\t\t\t<\/div>\n\t\t\t\t\t\t\t<div class=\"qodef-m-timeline-item\">\n\t\t\t\t\t<div class=\"qodef-m-left\">\n\t\t\t\t\t\t<h6 class=\"qodef-m-left-title\">\n\t\t\t\t\t\t\t\t\t\t\t\t\t<\/h6>\n\t\t\t\t\t\t<p class=\"qodef-m-left-subtitle\">\n\t\t\t\t\t\t\t\t\t\t\t\t\t<\/p>\n\t\t\t\t\t<\/div>\n\t\t\t\t\t<div class=\"qodef-m-center\">\n\t\t\t\t\t\t<span class=\"qodef-m-dot\"><\/span>\n\t\t\t\t\t\t<span class=\"qodef-m-line\"><\/span>\n\t\t\t\t\t<\/div>\n\t\t\t\t\t<div class=\"qodef-m-right\">\n\t\t\t\t\t\t<h4 class=\"qodef-m-right-title\">\n\t\t\t\t\t\t\t2022\t\t\t\t\t\t<\/h4>\n\t\t\t\t\t\t<p class=\"qodef-m-right-text\">\n\t\t\t\t\t\t\tAchat de l'entreprise Meaweb qui devient notre entit\u00e9 en Belgique\t\t\t\t\t\t<\/p>\n\t\t\t\t\t<\/div>\n\t\t\t\t<\/div>\n\t\t\t\t<\/div>\n    <\/div>\n\t\t<\/div>\n\t\t\t\t<\/div>\n\t\t\t\t<\/div>\n\t\t\t\t<\/div>\n\t\t","protected":false},"excerpt":{"rendered":"<p>Si nous devions vous raconter toute l\u2019histoire dans les d\u00e9tails, il nous faudrait un site complet. En r\u00e9sum\u00e9, ITDM est perp\u00e9tuellement \u00e0 la recherche de nouveaux challenges. Notre passion et notre envie de se d\u00e9velopper r\u00e9sume tr\u00e8s bien notre histoire. Vous allez d\u00e9couvrir tous les pays o\u00f9 nous sommes pr\u00e9sents et la raison pour laquelle [&hellip;]<\/p>\n","protected":false},"author":4,"featured_media":0,"parent":0,"menu_order":0,"comment_status":"closed","ping_status":"closed","template":"page-full-width.php","meta":{"om_disable_all_campaigns":false,"_exactmetrics_skip_tracking":false,"_exactmetrics_sitenote_active":false,"_exactmetrics_sitenote_note":"","_exactmetrics_sitenote_category":0,"footnotes":""},"yoast_head":"<!-- This site is optimized with the Yoast SEO plugin v22.1 - https:\/\/yoast.com\/wordpress\/plugins\/seo\/ -->\n<title>Notre histoire-old - ITDM GROUP<\/title>\n<meta name=\"robots\" content=\"index, follow, max-snippet:-1, max-image-preview:large, max-video-preview:-1\" \/>\n<link rel=\"canonical\" href=\"https:\/\/itdm-group.com\/notre-histoire-old\/\" \/>\n<meta property=\"og:locale\" content=\"en_US\" \/>\n<meta property=\"og:type\" content=\"article\" \/>\n<meta property=\"og:title\" content=\"Notre histoire-old - ITDM GROUP\" \/>\n<meta property=\"og:description\" content=\"Si nous devions vous raconter toute l\u2019histoire dans les d\u00e9tails, il nous faudrait un site complet. En r\u00e9sum\u00e9, ITDM est perp\u00e9tuellement \u00e0 la recherche de nouveaux challenges. Notre passion et notre envie de se d\u00e9velopper r\u00e9sume tr\u00e8s bien notre histoire. Vous allez d\u00e9couvrir tous les pays o\u00f9 nous sommes pr\u00e9sents et la raison pour laquelle [&hellip;]\" \/>\n<meta property=\"og:url\" content=\"https:\/\/itdm-group.com\/notre-histoire-old\/\" \/>\n<meta property=\"og:site_name\" content=\"ITDM GROUP\" \/>\n<meta property=\"article:publisher\" content=\"https:\/\/www.facebook.com\/IntelligentTDM\" \/>\n<meta property=\"article:modified_time\" content=\"2024-01-16T16:11:03+00:00\" \/>\n<meta property=\"og:image\" content=\"https:\/\/itdm-group.com\/wp-content\/uploads\/2023\/12\/logo-noir1.png\" \/>\n\t<meta property=\"og:image:width\" content=\"2500\" \/>\n\t<meta property=\"og:image:height\" content=\"2500\" \/>\n\t<meta property=\"og:image:type\" content=\"image\/png\" \/>\n<meta name=\"twitter:card\" content=\"summary_large_image\" \/>\n<meta name=\"twitter:label1\" content=\"Est. reading time\" \/>\n\t<meta name=\"twitter:data1\" content=\"1 minute\" \/>\n<script type=\"application\/ld+json\" class=\"yoast-schema-graph\">{\"@context\":\"https:\/\/schema.org\",\"@graph\":[{\"@type\":\"WebPage\",\"@id\":\"https:\/\/itdm-group.com\/notre-histoire-old\/\",\"url\":\"https:\/\/itdm-group.com\/notre-histoire-old\/\",\"name\":\"Notre histoire-old - ITDM GROUP\",\"isPartOf\":{\"@id\":\"https:\/\/itdm-group.com\/#website\"},\"datePublished\":\"2023-10-16T07:53:08+00:00\",\"dateModified\":\"2024-01-16T16:11:03+00:00\",\"breadcrumb\":{\"@id\":\"https:\/\/itdm-group.com\/notre-histoire-old\/#breadcrumb\"},\"inLanguage\":\"en-US\",\"potentialAction\":[{\"@type\":\"ReadAction\",\"target\":[\"https:\/\/itdm-group.com\/notre-histoire-old\/\"]}]},{\"@type\":\"BreadcrumbList\",\"@id\":\"https:\/\/itdm-group.com\/notre-histoire-old\/#breadcrumb\",\"itemListElement\":[{\"@type\":\"ListItem\",\"position\":1,\"name\":\"Accueil\",\"item\":\"https:\/\/itdm-group.com\/\"},{\"@type\":\"ListItem\",\"position\":2,\"name\":\"Notre histoire-old\"}]},{\"@type\":\"WebSite\",\"@id\":\"https:\/\/itdm-group.com\/#website\",\"url\":\"https:\/\/itdm-group.com\/\",\"name\":\"ITDM Group\",\"description\":\"\",\"publisher\":{\"@id\":\"https:\/\/itdm-group.com\/#organization\"},\"potentialAction\":[{\"@type\":\"SearchAction\",\"target\":{\"@type\":\"EntryPoint\",\"urlTemplate\":\"https:\/\/itdm-group.com\/?s={search_term_string}\"},\"query-input\":\"required name=search_term_string\"}],\"inLanguage\":\"en-US\"},{\"@type\":\"Organization\",\"@id\":\"https:\/\/itdm-group.com\/#organization\",\"name\":\"ITDM Group\",\"url\":\"https:\/\/itdm-group.com\/\",\"logo\":{\"@type\":\"ImageObject\",\"inLanguage\":\"en-US\",\"@id\":\"https:\/\/itdm-group.com\/#\/schema\/logo\/image\/\",\"url\":\"https:\/\/itdm-group.com\/wp-content\/uploads\/2023\/12\/logo-noir1.png\",\"contentUrl\":\"https:\/\/itdm-group.com\/wp-content\/uploads\/2023\/12\/logo-noir1.png\",\"width\":2500,\"height\":2500,\"caption\":\"ITDM Group\"},\"image\":{\"@id\":\"https:\/\/itdm-group.com\/#\/schema\/logo\/image\/\"},\"sameAs\":[\"https:\/\/www.facebook.com\/IntelligentTDM\",\"https:\/\/www.linkedin.com\/company\/itdm-france\/mycompany\/verification\/?viewAsMember=true\",\"https:\/\/www.instagram.com\/itdm.group\/\"]}]}<\/script>\n<!-- \/ Yoast SEO plugin. -->","yoast_head_json":{"title":"Notre histoire-old - ITDM GROUP","robots":{"index":"index","follow":"follow","max-snippet":"max-snippet:-1","max-image-preview":"max-image-preview:large","max-video-preview":"max-video-preview:-1"},"canonical":"https:\/\/itdm-group.com\/notre-histoire-old\/","og_locale":"en_US","og_type":"article","og_title":"Notre histoire-old - ITDM GROUP","og_description":"Si nous devions vous raconter toute l\u2019histoire dans les d\u00e9tails, il nous faudrait un site complet. En r\u00e9sum\u00e9, ITDM est perp\u00e9tuellement \u00e0 la recherche de nouveaux challenges. Notre passion et notre envie de se d\u00e9velopper r\u00e9sume tr\u00e8s bien notre histoire. Vous allez d\u00e9couvrir tous les pays o\u00f9 nous sommes pr\u00e9sents et la raison pour laquelle [&hellip;]","og_url":"https:\/\/itdm-group.com\/notre-histoire-old\/","og_site_name":"ITDM GROUP","article_publisher":"https:\/\/www.facebook.com\/IntelligentTDM","article_modified_time":"2024-01-16T16:11:03+00:00","og_image":[{"width":2500,"height":2500,"url":"https:\/\/itdm-group.com\/wp-content\/uploads\/2023\/12\/logo-noir1.png","type":"image\/png"}],"twitter_card":"summary_large_image","twitter_misc":{"Est. reading time":"1 minute"},"schema":{"@context":"https:\/\/schema.org","@graph":[{"@type":"WebPage","@id":"https:\/\/itdm-group.com\/notre-histoire-old\/","url":"https:\/\/itdm-group.com\/notre-histoire-old\/","name":"Notre histoire-old - ITDM GROUP","isPartOf":{"@id":"https:\/\/itdm-group.com\/#website"},"datePublished":"2023-10-16T07:53:08+00:00","dateModified":"2024-01-16T16:11:03+00:00","breadcrumb":{"@id":"https:\/\/itdm-group.com\/notre-histoire-old\/#breadcrumb"},"inLanguage":"en-US","potentialAction":[{"@type":"ReadAction","target":["https:\/\/itdm-group.com\/notre-histoire-old\/"]}]},{"@type":"BreadcrumbList","@id":"https:\/\/itdm-group.com\/notre-histoire-old\/#breadcrumb","itemListElement":[{"@type":"ListItem","position":1,"name":"Accueil","item":"https:\/\/itdm-group.com\/"},{"@type":"ListItem","position":2,"name":"Notre histoire-old"}]},{"@type":"WebSite","@id":"https:\/\/itdm-group.com\/#website","url":"https:\/\/itdm-group.com\/","name":"ITDM Group","description":"","publisher":{"@id":"https:\/\/itdm-group.com\/#organization"},"potentialAction":[{"@type":"SearchAction","target":{"@type":"EntryPoint","urlTemplate":"https:\/\/itdm-group.com\/?s={search_term_string}"},"query-input":"required name=search_term_string"}],"inLanguage":"en-US"},{"@type":"Organization","@id":"https:\/\/itdm-group.com\/#organization","name":"ITDM Group","url":"https:\/\/itdm-group.com\/","logo":{"@type":"ImageObject","inLanguage":"en-US","@id":"https:\/\/itdm-group.com\/#\/schema\/logo\/image\/","url":"https:\/\/itdm-group.com\/wp-content\/uploads\/2023\/12\/logo-noir1.png","contentUrl":"https:\/\/itdm-group.com\/wp-content\/uploads\/2023\/12\/logo-noir1.png","width":2500,"height":2500,"caption":"ITDM Group"},"image":{"@id":"https:\/\/itdm-group.com\/#\/schema\/logo\/image\/"},"sameAs":["https:\/\/www.facebook.com\/IntelligentTDM","https:\/\/www.linkedin.com\/company\/itdm-france\/mycompany\/verification\/?viewAsMember=true","https:\/\/www.instagram.com\/itdm.group\/"]}]}},"_links":{"self":[{"href":"https:\/\/itdm-group.com\/en\/wp-json\/wp\/v2\/pages\/13088"}],"collection":[{"href":"https:\/\/itdm-group.com\/en\/wp-json\/wp\/v2\/pages"}],"about":[{"href":"https:\/\/itdm-group.com\/en\/wp-json\/wp\/v2\/types\/page"}],"author":[{"embeddable":true,"href":"https:\/\/itdm-group.com\/en\/wp-json\/wp\/v2\/users\/4"}],"replies":[{"embeddable":true,"href":"https:\/\/itdm-group.com\/en\/wp-json\/wp\/v2\/comments?post=13088"}],"version-history":[{"count":21,"href":"https:\/\/itdm-group.com\/en\/wp-json\/wp\/v2\/pages\/13088\/revisions"}],"predecessor-version":[{"id":13995,"href":"https:\/\/itdm-group.com\/en\/wp-json\/wp\/v2\/pages\/13088\/revisions\/13995"}],"wp:attachment":[{"href":"https:\/\/itdm-group.com\/en\/wp-json\/wp\/v2\/media?parent=13088"}],"curies":[{"name":"wp","href":"https:\/\/api.w.org\/{rel}","templated":true}]}}